{"id":19146,"date":"2024-06-07T03:09:02","date_gmt":"2024-06-07T03:09:02","guid":{"rendered":"https:\/\/www.berkinder.com\/servicios\/"},"modified":"2025-08-05T14:07:46","modified_gmt":"2025-08-05T14:07:46","slug":"serveis","status":"publish","type":"page","link":"https:\/\/www.berkinder.com\/ca\/serveis\/","title":{"rendered":"Serveis"},"content":{"rendered":"\t\t<div data-elementor-type=\"wp-page\" data-elementor-id=\"19146\" class=\"elementor elementor-19146 elementor-187\">\n\t\t\t\t\t\t<section class=\"elementor-section elementor-top-section elementor-element elementor-element-2367cbf5 elementor-section-boxed elementor-section-height-default elementor-section-height-default\" data-id=\"2367cbf5\" data-element_type=\"section\" data-settings=\"{&quot;background_background&quot;:&quot;classic&quot;}\">\n\t\t\t\t\t\t\t<div class=\"elementor-background-overlay\"><\/div>\n\t\t\t\t\t\t\t<div class=\"elementor-container elementor-column-gap-default\">\n\t\t\t\t\t<div class=\"elementor-column elementor-col-100 elementor-top-column elementor-element elementor-element-55e63d08 elementor-invisible\" data-id=\"55e63d08\" data-element_type=\"column\" data-settings=\"{&quot;animation&quot;:&quot;fadeInRight&quot;}\">\n\t\t\t<div class=\"elementor-widget-wrap elementor-element-populated\">\n\t\t\t\t\t\t\t<\/div>\n\t\t<\/div>\n\t\t\t\t\t<\/div>\n\t\t<\/section>\n\t\t\t\t<section class=\"elementor-section elementor-top-section elementor-element elementor-element-16fcba44 elementor-section-boxed elementor-section-height-default elementor-section-height-default\" data-id=\"16fcba44\" data-element_type=\"section\">\n\t\t\t\t\t\t\t<div class=\"elementor-background-overlay\"><\/div>\n\t\t\t\t\t\t\t<div class=\"elementor-container elementor-column-gap-default\">\n\t\t\t\t\t<div class=\"elementor-column elementor-col-50 elementor-top-column elementor-element elementor-element-71e92c02 elementor-invisible\" data-id=\"71e92c02\" data-element_type=\"column\" data-settings=\"{&quot;animation&quot;:&quot;fadeInLeft&quot;}\">\n\t\t\t<div class=\"elementor-widget-wrap elementor-element-populated\">\n\t\t\t\t\t\t<div class=\"elementor-element elementor-element-6fd59dce elementor-widget elementor-widget-jkit_heading\" data-id=\"6fd59dce\" data-element_type=\"widget\" data-widget_type=\"jkit_heading.default\">\n\t\t\t\t<div class=\"elementor-widget-container\">\n\t\t\t\t\t<div  class=\"jeg-elementor-kit jkit-heading  align- align-tablet- align-mobile- jeg_module___69f7221003036\" ><h3 class=\"heading-section-subtitle  style-color\">Serveis<\/h3><div class=\"heading-section-title  display-inline-block\"><h2 class=\"heading-title\">El que oferim<\/h2><\/div><div class=\"heading-section-description\"><p data-start=\"54\" data-end=\"316\">Des del 1966, Berkinder \u00e9s una empresa familiar que ofereix serveis d\u2019intermediaci\u00f3 i gesti\u00f3 patrimonial amb un tracte proper i personalitzat. La nostra experi\u00e8ncia i comprom\u00eds ens permeten oferir solucions efectives i adaptades a les necessitats de cada client.<\/p><p data-start=\"318\" data-end=\"622\">Estem especialitzats en l\u2019administraci\u00f3 d\u2019immobles, incloent locals comercials i habitatges. Gestionem totes les etapes, des de la recerca d\u2019inquilins fins al manteniment, perqu\u00e8 vost\u00e8 no hagi de preocupar-se de res. El nostre objectiu \u00e9s assegurar la rendibilitat i el bon estat de les seves propietats.<\/p><p data-start=\"624\" data-end=\"860\">A m\u00e9s, oferim assessorament legal i comercial. El nostre equip d\u2019experts est\u00e0 sempre disponible per ajudar-lo amb qualsevol q\u00fcesti\u00f3 legal, contractes o estrat\u00e8gies comercials, facilitant la presa de decisions i l\u2019\u00e8xit dels seus negocis.<\/p><p data-start=\"862\" data-end=\"1015\">Tamb\u00e9 ens encarreguem del m\u00e0rqueting, desenvolupant campanyes i gestionant la seva pres\u00e8ncia en l\u00ednia perqu\u00e8 el seu negoci creixi i arribi a m\u00e9s clients.<\/p><p data-start=\"1017\" data-end=\"1320\">A Berkinder, valorem la relaci\u00f3 directa i la confian\u00e7a dels nostres clients. Ens esforcem per oferir un servei proper i de qualitat, tractant cada propietat i cada consulta com si fos nostra. Confii en nosaltres per cuidar i gestionar el seu patrimoni amb la dedicaci\u00f3 i l\u2019afecte d\u2019una empresa familiar.<\/p><\/div><\/div>\t\t\t\t<\/div>\n\t\t\t\t<\/div>\n\t\t\t\t\t<\/div>\n\t\t<\/div>\n\t\t\t\t<div class=\"elementor-column elementor-col-50 elementor-top-column elementor-element elementor-element-4df31f91\" data-id=\"4df31f91\" data-element_type=\"column\" data-settings=\"{&quot;background_background&quot;:&quot;classic&quot;}\">\n\t\t\t<div class=\"elementor-widget-wrap elementor-element-populated\">\n\t\t\t\t\t\t<div class=\"elementor-element elementor-element-51f9dce1 elementor-widget elementor-widget-spacer\" data-id=\"51f9dce1\" data-element_type=\"widget\" data-widget_type=\"spacer.default\">\n\t\t\t\t<div class=\"elementor-widget-container\">\n\t\t\t\t\t\t\t<div class=\"elementor-spacer\">\n\t\t\t<div class=\"elementor-spacer-inner\"><\/div>\n\t\t<\/div>\n\t\t\t\t\t\t<\/div>\n\t\t\t\t<\/div>\n\t\t\t\t<div class=\"elementor-element elementor-element-1694549e elementor-invisible elementor-widget elementor-widget-image\" data-id=\"1694549e\" data-element_type=\"widget\" data-settings=\"{&quot;_animation&quot;:&quot;fadeInUp&quot;}\" data-widget_type=\"image.default\">\n\t\t\t\t<div class=\"elementor-widget-container\">\n\t\t\t\t\t\t\t\t\t\t\t\t\t\t\t<img fetchpriority=\"high\" decoding=\"async\" width=\"800\" height=\"533\" src=\"https:\/\/www.berkinder.com\/wp-content\/uploads\/2024\/06\/real-estate-broker-agents-deliver-sample-houses-to-customers-mortgage-contracts-loans-hire-purcha-1024x682.jpg\" class=\"attachment-large size-large wp-image-19204\" alt=\"\" srcset=\"https:\/\/www.berkinder.com\/wp-content\/uploads\/2024\/06\/real-estate-broker-agents-deliver-sample-houses-to-customers-mortgage-contracts-loans-hire-purcha-1024x682.jpg 1024w, https:\/\/www.berkinder.com\/wp-content\/uploads\/2024\/06\/real-estate-broker-agents-deliver-sample-houses-to-customers-mortgage-contracts-loans-hire-purcha-300x200.jpg 300w, https:\/\/www.berkinder.com\/wp-content\/uploads\/2024\/06\/real-estate-broker-agents-deliver-sample-houses-to-customers-mortgage-contracts-loans-hire-purcha-768x512.jpg 768w, https:\/\/www.berkinder.com\/wp-content\/uploads\/2024\/06\/real-estate-broker-agents-deliver-sample-houses-to-customers-mortgage-contracts-loans-hire-purcha-1536x1024.jpg 1536w, https:\/\/www.berkinder.com\/wp-content\/uploads\/2024\/06\/real-estate-broker-agents-deliver-sample-houses-to-customers-mortgage-contracts-loans-hire-purcha.jpg 2000w\" sizes=\"(max-width: 800px) 100vw, 800px\" \/>\t\t\t\t\t\t\t\t\t\t\t\t\t\t\t<\/div>\n\t\t\t\t<\/div>\n\t\t\t\t\t<\/div>\n\t\t<\/div>\n\t\t\t\t\t<\/div>\n\t\t<\/section>\n\t\t\t\t<section class=\"elementor-section elementor-top-section elementor-element elementor-element-5f96de05 elementor-section-boxed elementor-section-height-default elementor-section-height-default\" data-id=\"5f96de05\" data-element_type=\"section\" data-settings=\"{&quot;background_background&quot;:&quot;classic&quot;}\">\n\t\t\t\t\t\t<div class=\"elementor-container elementor-column-gap-no\">\n\t\t\t\t\t<div class=\"elementor-column elementor-col-100 elementor-top-column elementor-element elementor-element-4d9d1742\" data-id=\"4d9d1742\" data-element_type=\"column\">\n\t\t\t<div class=\"elementor-widget-wrap elementor-element-populated\">\n\t\t\t\t\t\t<section class=\"elementor-section elementor-inner-section elementor-element elementor-element-5e387a1d elementor-section-boxed elementor-section-height-default elementor-section-height-default\" data-id=\"5e387a1d\" data-element_type=\"section\">\n\t\t\t\t\t\t<div class=\"elementor-container elementor-column-gap-no\">\n\t\t\t\t\t<div class=\"elementor-column elementor-col-33 elementor-inner-column elementor-element elementor-element-45e43b19 elementor-invisible\" data-id=\"45e43b19\" data-element_type=\"column\" data-settings=\"{&quot;animation&quot;:&quot;fadeInLeft&quot;}\">\n\t\t\t<div class=\"elementor-widget-wrap elementor-element-populated\">\n\t\t\t\t\t\t<div class=\"elementor-element elementor-element-a83a7fc jkit-equal-height-disable elementor-widget elementor-widget-jkit_icon_box\" data-id=\"a83a7fc\" data-element_type=\"widget\" data-widget_type=\"jkit_icon_box.default\">\n\t\t\t\t<div class=\"elementor-widget-container\">\n\t\t\t\t\t<div  class=\"jeg-elementor-kit jkit-icon-box icon-position- elementor-animation- jeg_module__1_69f722100e0ee\" ><div class=\"jkit-icon-box-wrapper hover-from-right\"><div class=\"icon-box icon-box-header elementor-animation-\"><div class=\"icon style-color\"><i aria-hidden=\"true\" class=\"jki jki-invest-light\"><\/i><\/div><\/div><div class=\"icon-box icon-box-body\">\n                <h2 class=\"title\">Administraci\u00f3<\/h2><p class=\"icon-box-description\">Gestionem totes les etapes, des de la recerca d\u2019inquilins fins al manteniment, perqu\u00e8 vost\u00e8 no hagi de preocupar-se de res.<\/p>\n            <\/div>\n            \n            <\/div><\/div>\t\t\t\t<\/div>\n\t\t\t\t<\/div>\n\t\t\t\t\t<\/div>\n\t\t<\/div>\n\t\t\t\t<div class=\"elementor-column elementor-col-33 elementor-inner-column elementor-element elementor-element-370ea7d elementor-invisible\" data-id=\"370ea7d\" data-element_type=\"column\" data-settings=\"{&quot;animation&quot;:&quot;fadeInUp&quot;}\">\n\t\t\t<div class=\"elementor-widget-wrap elementor-element-populated\">\n\t\t\t\t\t\t<div class=\"elementor-element elementor-element-5ebecc5b jkit-equal-height-disable elementor-widget elementor-widget-jkit_icon_box\" data-id=\"5ebecc5b\" data-element_type=\"widget\" data-widget_type=\"jkit_icon_box.default\">\n\t\t\t\t<div class=\"elementor-widget-container\">\n\t\t\t\t\t<div  class=\"jeg-elementor-kit jkit-icon-box icon-position- elementor-animation- jeg_module__2_69f722100ee99\" ><div class=\"jkit-icon-box-wrapper hover-from-right\"><div class=\"icon-box icon-box-header elementor-animation-\"><div class=\"icon style-color\"><i aria-hidden=\"true\" class=\"icon icon-consut2\"><\/i><\/div><\/div><div class=\"icon-box icon-box-body\">\n                <h2 class=\"title\">Assessorament<\/h2><p class=\"icon-box-description\">L'ajudem amb qualsevol q\u00fcesti\u00f3 legal, contractes o estrat\u00e8gies comercials, facilitant la presa de decisions i l\u2019\u00e8xit dels seus negocis.<\/p>\n            <\/div>\n            \n            <\/div><\/div>\t\t\t\t<\/div>\n\t\t\t\t<\/div>\n\t\t\t\t\t<\/div>\n\t\t<\/div>\n\t\t\t\t<div class=\"elementor-column elementor-col-33 elementor-inner-column elementor-element elementor-element-104f0285 elementor-invisible\" data-id=\"104f0285\" data-element_type=\"column\" data-settings=\"{&quot;animation&quot;:&quot;fadeInRight&quot;}\">\n\t\t\t<div class=\"elementor-widget-wrap elementor-element-populated\">\n\t\t\t\t\t\t<div class=\"elementor-element elementor-element-44102270 jkit-equal-height-disable elementor-widget elementor-widget-jkit_icon_box\" data-id=\"44102270\" data-element_type=\"widget\" data-widget_type=\"jkit_icon_box.default\">\n\t\t\t\t<div class=\"elementor-widget-container\">\n\t\t\t\t\t<div  class=\"jeg-elementor-kit jkit-icon-box icon-position- elementor-animation- jeg_module__3_69f722100fc25\" ><div class=\"jkit-icon-box-wrapper hover-from-right\"><div class=\"icon-box icon-box-header elementor-animation-\"><div class=\"icon style-color\"><i aria-hidden=\"true\" class=\"jki jki-chart-area-solid\"><\/i><\/div><\/div><div class=\"icon-box icon-box-body\">\n                <h2 class=\"title\">M\u00e0rqueting<\/h2><p class=\"icon-box-description\">Desenvolupem campanyes i gestionem la seva pres\u00e8ncia en l\u00ednia perqu\u00e8 el seu negoci creixi i arribi a m\u00e9s clients.<br><br><\/p>\n            <\/div>\n            \n            <\/div><\/div>\t\t\t\t<\/div>\n\t\t\t\t<\/div>\n\t\t\t\t\t<\/div>\n\t\t<\/div>\n\t\t\t\t\t<\/div>\n\t\t<\/section>\n\t\t\t\t\t<\/div>\n\t\t<\/div>\n\t\t\t\t\t<\/div>\n\t\t<\/section>\n\t\t\t\t<section class=\"elementor-section elementor-top-section elementor-element elementor-element-a593de0 elementor-section-boxed elementor-section-height-default elementor-section-height-default\" data-id=\"a593de0\" data-element_type=\"section\" data-settings=\"{&quot;background_background&quot;:&quot;classic&quot;}\">\n\t\t\t\t\t\t<div class=\"elementor-container elementor-column-gap-default\">\n\t\t\t\t\t<div class=\"elementor-column elementor-col-100 elementor-top-column elementor-element elementor-element-e8a9eec elementor-invisible\" data-id=\"e8a9eec\" data-element_type=\"column\" data-settings=\"{&quot;animation&quot;:&quot;fadeInUp&quot;,&quot;animation_delay&quot;:&quot;100&quot;}\">\n\t\t\t<div class=\"elementor-widget-wrap elementor-element-populated\">\n\t\t\t\t\t\t<div class=\"elementor-element elementor-element-dcb4e32 elementor-widget elementor-widget-jkit_animated_text\" data-id=\"dcb4e32\" data-element_type=\"widget\" data-widget_type=\"jkit_animated_text.default\">\n\t\t\t\t<div class=\"elementor-widget-container\">\n\t\t\t\t\t<div  class=\"jeg-elementor-kit jkit-animated-text jeg_module__4_69f72210143f3\"  data-style=\"none\"><p class=\"animated-text\"><span class=\"normal-text style-color\">No dubti a invertir ara,<\/span><span class=\"dynamic-wrapper style-color\"><span class=\"dynamic-text\"><\/span><\/span><span class=\"normal-text style-color\">Tenim el millor per a vost\u00e8!<\/span><\/p><\/div>\t\t\t\t<\/div>\n\t\t\t\t<\/div>\n\t\t\t\t<div class=\"elementor-element elementor-element-96dee34 elementor-widget elementor-widget-jkit_button\" data-id=\"96dee34\" data-element_type=\"widget\" data-widget_type=\"jkit_button.default\">\n\t\t\t\t<div class=\"elementor-widget-container\">\n\t\t\t\t\t<div  class=\"jeg-elementor-kit jkit-button  icon-position-before jeg_module__5_69f72210159fa\" ><a href=\"https:\/\/www.berkinder.com\/contacto\" class=\"jkit-button-wrapper\">CONTACTE<\/a><\/div>\t\t\t\t<\/div>\n\t\t\t\t<\/div>\n\t\t\t\t\t<\/div>\n\t\t<\/div>\n\t\t\t\t\t<\/div>\n\t\t<\/section>\n\t\t\t\t<\/div>\n\t\t","protected":false},"excerpt":{"rendered":"<p>Serveis El que oferim Des del 1966, Berkinder \u00e9s una empresa familiar que ofereix serveis d\u2019intermediaci\u00f3 i gesti\u00f3 patrimonial amb un tracte proper i personalitzat. La nostra experi\u00e8ncia i comprom\u00eds ens permeten oferir solucions efectives i adaptades a les necessitats de cada client. Estem especialitzats en l\u2019administraci\u00f3 d\u2019immobles, incloent locals comercials i habitatges. Gestionem totes [&hellip;]<\/p>\n","protected":false},"author":1,"featured_media":0,"parent":0,"menu_order":0,"comment_status":"closed","ping_status":"closed","template":"elementor_header_footer","meta":{"footnotes":""},"class_list":["post-19146","page","type-page","status-publish","hentry"],"yoast_head":"<!-- This site is optimized with the Yoast SEO plugin v25.2 - https:\/\/yoast.com\/wordpress\/plugins\/seo\/ -->\n<title>Serveis - Berkinder - Property Management Barcelona<\/title>\n<meta name=\"robots\" content=\"index, follow, max-snippet:-1, max-image-preview:large, max-video-preview:-1\" \/>\n<link rel=\"canonical\" href=\"https:\/\/www.berkinder.com\/ca\/serveis\/\" \/>\n<meta property=\"og:locale\" content=\"ca_ES\" \/>\n<meta property=\"og:type\" content=\"article\" \/>\n<meta property=\"og:title\" content=\"Serveis - Berkinder - Property Management Barcelona\" \/>\n<meta property=\"og:description\" content=\"Serveis El que oferim Des del 1966, Berkinder \u00e9s una empresa familiar que ofereix serveis d\u2019intermediaci\u00f3 i gesti\u00f3 patrimonial amb un tracte proper i personalitzat. La nostra experi\u00e8ncia i comprom\u00eds ens permeten oferir solucions efectives i adaptades a les necessitats de cada client. Estem especialitzats en l\u2019administraci\u00f3 d\u2019immobles, incloent locals comercials i habitatges. Gestionem totes [&hellip;]\" \/>\n<meta property=\"og:url\" content=\"https:\/\/www.berkinder.com\/ca\/serveis\/\" \/>\n<meta property=\"og:site_name\" content=\"Berkinder - Property Management Barcelona\" \/>\n<meta property=\"article:modified_time\" content=\"2025-08-05T14:07:46+00:00\" \/>\n<meta property=\"og:image\" content=\"https:\/\/www.berkinder.com\/wp-content\/uploads\/2024\/06\/real-estate-broker-agents-deliver-sample-houses-to-customers-mortgage-contracts-loans-hire-purcha.jpg\" \/>\n\t<meta property=\"og:image:width\" content=\"2000\" \/>\n\t<meta property=\"og:image:height\" content=\"1333\" \/>\n\t<meta property=\"og:image:type\" content=\"image\/jpeg\" \/>\n<meta name=\"twitter:card\" content=\"summary_large_image\" \/>\n<meta name=\"twitter:label1\" content=\"Temps estimat de lectura\" \/>\n\t<meta name=\"twitter:data1\" content=\"2 minuts\" \/>\n<script type=\"application\/ld+json\" class=\"yoast-schema-graph\">{\"@context\":\"https:\/\/schema.org\",\"@graph\":[{\"@type\":\"WebPage\",\"@id\":\"https:\/\/www.berkinder.com\/ca\/serveis\/\",\"url\":\"https:\/\/www.berkinder.com\/ca\/serveis\/\",\"name\":\"Serveis - Berkinder - Property Management Barcelona\",\"isPartOf\":{\"@id\":\"https:\/\/www.berkinder.com\/#website\"},\"primaryImageOfPage\":{\"@id\":\"https:\/\/www.berkinder.com\/ca\/serveis\/#primaryimage\"},\"image\":{\"@id\":\"https:\/\/www.berkinder.com\/ca\/serveis\/#primaryimage\"},\"thumbnailUrl\":\"https:\/\/www.berkinder.com\/wp-content\/uploads\/2024\/06\/real-estate-broker-agents-deliver-sample-houses-to-customers-mortgage-contracts-loans-hire-purcha-1024x682.jpg\",\"datePublished\":\"2024-06-07T03:09:02+00:00\",\"dateModified\":\"2025-08-05T14:07:46+00:00\",\"breadcrumb\":{\"@id\":\"https:\/\/www.berkinder.com\/ca\/serveis\/#breadcrumb\"},\"inLanguage\":\"ca\",\"potentialAction\":[{\"@type\":\"ReadAction\",\"target\":[\"https:\/\/www.berkinder.com\/ca\/serveis\/\"]}]},{\"@type\":\"ImageObject\",\"inLanguage\":\"ca\",\"@id\":\"https:\/\/www.berkinder.com\/ca\/serveis\/#primaryimage\",\"url\":\"https:\/\/www.berkinder.com\/wp-content\/uploads\/2024\/06\/real-estate-broker-agents-deliver-sample-houses-to-customers-mortgage-contracts-loans-hire-purcha-1024x682.jpg\",\"contentUrl\":\"https:\/\/www.berkinder.com\/wp-content\/uploads\/2024\/06\/real-estate-broker-agents-deliver-sample-houses-to-customers-mortgage-contracts-loans-hire-purcha-1024x682.jpg\"},{\"@type\":\"BreadcrumbList\",\"@id\":\"https:\/\/www.berkinder.com\/ca\/serveis\/#breadcrumb\",\"itemListElement\":[{\"@type\":\"ListItem\",\"position\":1,\"name\":\"Portada\",\"item\":\"https:\/\/www.berkinder.com\/ca\/\"},{\"@type\":\"ListItem\",\"position\":2,\"name\":\"Serveis\"}]},{\"@type\":\"WebSite\",\"@id\":\"https:\/\/www.berkinder.com\/#website\",\"url\":\"https:\/\/www.berkinder.com\/\",\"name\":\"Berkinder - Property Management Barcelona\",\"description\":\"Property management &amp; Real Estate in Barcelona\",\"potentialAction\":[{\"@type\":\"SearchAction\",\"target\":{\"@type\":\"EntryPoint\",\"urlTemplate\":\"https:\/\/www.berkinder.com\/?s={search_term_string}\"},\"query-input\":{\"@type\":\"PropertyValueSpecification\",\"valueRequired\":true,\"valueName\":\"search_term_string\"}}],\"inLanguage\":\"ca\"}]}<\/script>\n<!-- \/ Yoast SEO plugin. -->","yoast_head_json":{"title":"Serveis - Berkinder - Property Management Barcelona","robots":{"index":"index","follow":"follow","max-snippet":"max-snippet:-1","max-image-preview":"max-image-preview:large","max-video-preview":"max-video-preview:-1"},"canonical":"https:\/\/www.berkinder.com\/ca\/serveis\/","og_locale":"ca_ES","og_type":"article","og_title":"Serveis - Berkinder - Property Management Barcelona","og_description":"Serveis El que oferim Des del 1966, Berkinder \u00e9s una empresa familiar que ofereix serveis d\u2019intermediaci\u00f3 i gesti\u00f3 patrimonial amb un tracte proper i personalitzat. La nostra experi\u00e8ncia i comprom\u00eds ens permeten oferir solucions efectives i adaptades a les necessitats de cada client. Estem especialitzats en l\u2019administraci\u00f3 d\u2019immobles, incloent locals comercials i habitatges. Gestionem totes [&hellip;]","og_url":"https:\/\/www.berkinder.com\/ca\/serveis\/","og_site_name":"Berkinder - Property Management Barcelona","article_modified_time":"2025-08-05T14:07:46+00:00","og_image":[{"width":2000,"height":1333,"url":"https:\/\/www.berkinder.com\/wp-content\/uploads\/2024\/06\/real-estate-broker-agents-deliver-sample-houses-to-customers-mortgage-contracts-loans-hire-purcha.jpg","type":"image\/jpeg"}],"twitter_card":"summary_large_image","twitter_misc":{"Temps estimat de lectura":"2 minuts"},"schema":{"@context":"https:\/\/schema.org","@graph":[{"@type":"WebPage","@id":"https:\/\/www.berkinder.com\/ca\/serveis\/","url":"https:\/\/www.berkinder.com\/ca\/serveis\/","name":"Serveis - Berkinder - Property Management Barcelona","isPartOf":{"@id":"https:\/\/www.berkinder.com\/#website"},"primaryImageOfPage":{"@id":"https:\/\/www.berkinder.com\/ca\/serveis\/#primaryimage"},"image":{"@id":"https:\/\/www.berkinder.com\/ca\/serveis\/#primaryimage"},"thumbnailUrl":"https:\/\/www.berkinder.com\/wp-content\/uploads\/2024\/06\/real-estate-broker-agents-deliver-sample-houses-to-customers-mortgage-contracts-loans-hire-purcha-1024x682.jpg","datePublished":"2024-06-07T03:09:02+00:00","dateModified":"2025-08-05T14:07:46+00:00","breadcrumb":{"@id":"https:\/\/www.berkinder.com\/ca\/serveis\/#breadcrumb"},"inLanguage":"ca","potentialAction":[{"@type":"ReadAction","target":["https:\/\/www.berkinder.com\/ca\/serveis\/"]}]},{"@type":"ImageObject","inLanguage":"ca","@id":"https:\/\/www.berkinder.com\/ca\/serveis\/#primaryimage","url":"https:\/\/www.berkinder.com\/wp-content\/uploads\/2024\/06\/real-estate-broker-agents-deliver-sample-houses-to-customers-mortgage-contracts-loans-hire-purcha-1024x682.jpg","contentUrl":"https:\/\/www.berkinder.com\/wp-content\/uploads\/2024\/06\/real-estate-broker-agents-deliver-sample-houses-to-customers-mortgage-contracts-loans-hire-purcha-1024x682.jpg"},{"@type":"BreadcrumbList","@id":"https:\/\/www.berkinder.com\/ca\/serveis\/#breadcrumb","itemListElement":[{"@type":"ListItem","position":1,"name":"Portada","item":"https:\/\/www.berkinder.com\/ca\/"},{"@type":"ListItem","position":2,"name":"Serveis"}]},{"@type":"WebSite","@id":"https:\/\/www.berkinder.com\/#website","url":"https:\/\/www.berkinder.com\/","name":"Berkinder - Property Management Barcelona","description":"Property management &amp; Real Estate in Barcelona","potentialAction":[{"@type":"SearchAction","target":{"@type":"EntryPoint","urlTemplate":"https:\/\/www.berkinder.com\/?s={search_term_string}"},"query-input":{"@type":"PropertyValueSpecification","valueRequired":true,"valueName":"search_term_string"}}],"inLanguage":"ca"}]}},"_links":{"self":[{"href":"https:\/\/www.berkinder.com\/ca\/wp-json\/wp\/v2\/pages\/19146","targetHints":{"allow":["GET"]}}],"collection":[{"href":"https:\/\/www.berkinder.com\/ca\/wp-json\/wp\/v2\/pages"}],"about":[{"href":"https:\/\/www.berkinder.com\/ca\/wp-json\/wp\/v2\/types\/page"}],"author":[{"embeddable":true,"href":"https:\/\/www.berkinder.com\/ca\/wp-json\/wp\/v2\/users\/1"}],"replies":[{"embeddable":true,"href":"https:\/\/www.berkinder.com\/ca\/wp-json\/wp\/v2\/comments?post=19146"}],"version-history":[{"count":9,"href":"https:\/\/www.berkinder.com\/ca\/wp-json\/wp\/v2\/pages\/19146\/revisions"}],"predecessor-version":[{"id":20335,"href":"https:\/\/www.berkinder.com\/ca\/wp-json\/wp\/v2\/pages\/19146\/revisions\/20335"}],"wp:attachment":[{"href":"https:\/\/www.berkinder.com\/ca\/wp-json\/wp\/v2\/media?parent=19146"}],"curies":[{"name":"wp","href":"https:\/\/api.w.org\/{rel}","templated":true}]}}